{"id":586,"date":"2026-04-13T08:43:48","date_gmt":"2026-04-13T08:43:48","guid":{"rendered":"https:\/\/daunhottrongkhoi.com\/?post_type=product&#038;p=586"},"modified":"2026-04-14T07:30:29","modified_gmt":"2026-04-14T07:30:29","slug":"castrol-hyspin-hlp-z-68","status":"publish","type":"product","link":"https:\/\/daunhottrongkhoi.com\/product\/castrol-hyspin-hlp-z-68\/","title":{"rendered":"D\u1ea7u Th\u1ee7y L\u1ef1c Castrol Hyspin HLP-Z\u00a068"},"content":{"rendered":"<p><strong>Castrol Hyspin\u2122 HLP-Z\u00a068\u00a0<\/strong>l\u00e0 d\u00f2ng s\u1ea3n ph\u1ea9m d\u1ea7u th\u1ee7y l\u1ef1c cao c\u1ea5p \u0111\u01b0\u1ee3c pha ch\u1ebf t\u1eeb d\u1ea7u g\u1ed1c kho\u00e1ng tinh ch\u1ebf v\u00e0 h\u1ec7 ph\u1ee5 gia ch\u1ed1ng m\u00e0i m\u00f2n g\u1ed1c k\u1ebdm \u1ed5n \u0111\u1ecbnh. S\u1ea3n ph\u1ea9m n\u00e0y \u0111\u01b0\u1ee3c thi\u1ebft k\u1ebf \u0111\u1eb7c bi\u1ec7t cho c\u00e1c h\u1ec7 th\u1ed1ng th\u1ee7y l\u1ef1c, nh\u01b0ng c\u0169ng th\u00edch h\u1ee3p cho c\u00e1c \u1ee9ng d\u1ee5ng kh\u00e1c y\u00eau c\u1ea7u d\u1ea7u c\u00f3 \u0111\u1eb7c t\u00ednh b\u1ec1n \u00f4 xi h\u00f3a v\u00e0 kh\u1ea3 n\u0103ng b\u00f4i tr\u01a1n t\u1ed1t.<\/p>\n<p>&nbsp;<\/p>\n<p>D\u1ea7u th\u1ee7y l\u1ef1c\u00a0<strong>Castrol Hyspin\u2122 HLP-Z 68\u00a0<\/strong>\u0111\u01b0\u1ee3c s\u1eed d\u1ee5ng trong m\u1ecdi l\u0129nh v\u1ef1c c\u00f4ng nghi\u1ec7p: Ch\u1ebf t\u1ea1o (m\u00e1y phun khu\u00f4n, m\u00e1y \u00e9p\u2026). Thi\u1ebft b\u1ecb di \u0111\u1ed9ng (m\u00e1y x\u00e2y d\u1ef1ng, m\u00e1y n\u00f4ng nghi\u1ec7p, thi\u1ebft b\u1ecb ph\u1ee5c v\u1ee5\u2026). Ng\u00e0nh m\u1ecf, khai th\u00e1c d\u1ea7u,\u2026 D\u1ea7u c\u0169ng th\u00edch h\u1ee3p cho c\u00e1c \u1ee9ng d\u1ee5ng th\u1ee7y l\u1ef1c h\u00e0ng h\u1ea3i khuy\u1ebfn ngh\u1ecb s\u1eed d\u1ee5ng d\u1ea7u th\u1ee7y l\u1ef1c lo\u1ea1i ISO HM.<\/p>\n<p>Castrol Hyspin HLP-Z\u00a068 t\u01b0\u01a1ng th\u00edch v\u1edbi h\u1ea7u h\u1ebft c\u00e1c d\u1ea7u th\u1ee7y l\u1ef1c g\u1ed1c kho\u00e1ng kh\u00e1c. L\u01b0u \u00fd c\u00e1c d\u1ea7u th\u1ee7y l\u1ef1c g\u1ed1c kho\u00e1ng kh\u00f4ng n\u00ean tr\u1ed9n l\u1eabn v\u1edbi c\u00e1c lo\u1ea1i d\u1ea7u th\u1ee7y l\u1ef1c \u0111\u1eb7c bi\u1ec7t. Nh\u01b0 lo\u1ea1i d\u1ea7u th\u1ee7y l\u1ef1c th\u00e2n thi\u1ec7n v\u1edbi m\u00f4i tr\u01b0\u1eddng ho\u1eb7c lo\u1ea1i d\u1ea7u th\u1ee7y l\u1ef1c ch\u1ed1ng ch\u00e1y.<\/p>\n<p>&nbsp;<\/p>\n<h2 id=\"h-thong-s\u1ed1-k\u1ef9-thu\u1eadt-castrol-hyspin-hlp-z-68\" class=\"wp-block-heading has-text-align-left has-vivid-red-color has-text-color has-background\"><strong>TH\u00d4NG S\u1ed0 K\u1ef8 THU\u1eacT \u2013\u00a0CASTROL HYSPIN HLP-Z\u00a068<\/strong><\/h2>\n<div class=\"wp-block-columns is-layout-flex wp-container-core-columns-is-layout-28f84493 wp-block-columns-is-layout-flex\">\n<div class=\"wp-block-column is-layout-flow wp-block-column-is-layout-flow\">\n<figure class=\"wp-block-table is-style-stripes\">\n<table class=\"has-black-color has-text-color has-background has-border-color\">\n<thead>\n<tr>\n<th class=\"has-text-align-left\" data-align=\"left\">T\u00ednh Ch\u1ea5t<\/th>\n<th class=\"has-text-align-left\" data-align=\"left\">Ph\u01b0\u01a1ng Ph\u00e1p<\/th>\n<th class=\"has-text-align-center\" data-align=\"center\"><strong>HLP-Z 68<\/strong><\/th>\n<\/tr>\n<\/thead>\n<tbody>\n<tr>\n<td class=\"has-text-align-left\" data-align=\"left\">Kh\u1ed1i l\u01b0\u1ee3ng ri\u00eang \u1edf 15<sup>o<\/sup>C, g\/m<sup>3<\/sup><\/td>\n<td class=\"has-text-align-left\" data-align=\"left\">ASTM D4052<\/td>\n<td class=\"has-text-align-center\" data-align=\"center\">883<\/td>\n<\/tr>\n<tr>\n<td class=\"has-text-align-left\" data-align=\"left\">\u0110\u1ed9 nh\u1edbt \u0111\u1ed9ng h\u1ecdc \u1edf 40<sup>o<\/sup>C, mm<sup>2<\/sup>\/s<\/td>\n<td class=\"has-text-align-left\" data-align=\"left\">ASTM D445<\/td>\n<td class=\"has-text-align-center\" data-align=\"center\">68<\/td>\n<\/tr>\n<tr>\n<td class=\"has-text-align-left\" data-align=\"left\">\u0110\u1ed9 nh\u1edbt \u0111\u1ed9ng h\u1ecdc \u1edf 100<sup>o<\/sup>C, mm<sup>2<\/sup>\/s<\/td>\n<td class=\"has-text-align-left\" data-align=\"left\">ASTM D445<\/td>\n<td class=\"has-text-align-center\" data-align=\"center\">8.5<\/td>\n<\/tr>\n<tr>\n<td class=\"has-text-align-left\" data-align=\"left\">Ch\u1ec9 s\u1ed1 \u0111\u1ed9 nh\u1edbt<\/td>\n<td class=\"has-text-align-left\" data-align=\"left\">ASTM 2270<\/td>\n<td class=\"has-text-align-center\" data-align=\"center\">93<\/td>\n<\/tr>\n<tr>\n<td class=\"has-text-align-left\" data-align=\"left\">\u0110i\u1ec3m r\u00f3t ch\u1ea3y \/\u00a0<sup>o<\/sup>C<\/td>\n<td class=\"has-text-align-left\" data-align=\"left\">ASTM D97<\/td>\n<td class=\"has-text-align-center\" data-align=\"center\">-27<\/td>\n<\/tr>\n<tr>\n<td class=\"has-text-align-left\" data-align=\"left\">\u0110i\u1ec3m ch\u1edbp ch\u00e1y c\u1ed1c h\u1edf \/\u00a0<sup>o<\/sup>C<\/td>\n<td class=\"has-text-align-left\" data-align=\"left\">ASTM D92<\/td>\n<td class=\"has-text-align-center\" data-align=\"center\">245<\/td>\n<\/tr>\n<tr>\n<td class=\"has-text-align-left\" data-align=\"left\">\u0110\u1ed9 t\u1ea1o b\u1ecdt SeqI \/ ml\/ml<\/td>\n<td class=\"has-text-align-left\" data-align=\"left\">ASTM D882<\/td>\n<td class=\"has-text-align-center\" data-align=\"center\">30\/0<\/td>\n<\/tr>\n<tr>\n<td class=\"has-text-align-left\" data-align=\"left\">\u0110\u1ed9 t\u00e1ch n\u01b0\u1edbc \u1edf 54<sup>o<\/sup>C \/ ph\u00fat<\/td>\n<td class=\"has-text-align-left\" data-align=\"left\">ASTM D1410<\/td>\n<td class=\"has-text-align-center\" data-align=\"center\">25<\/td>\n<\/tr>\n<tr>\n<td class=\"has-text-align-left\" data-align=\"left\">\u0110\u1ed9 t\u00e1ch kh\u00ed \u1edf 50<sup>o<\/sup>C \/ ph\u00fat<\/td>\n<td class=\"has-text-align-left\" data-align=\"left\">ASTM D3427<\/td>\n<td class=\"has-text-align-center\" data-align=\"center\">8<\/td>\n<\/tr>\n<tr>\n<td class=\"has-text-align-left\" data-align=\"left\">C\u1ea5p t\u1ea3i FZG (A8.3\/90)<\/td>\n<td class=\"has-text-align-left\" data-align=\"left\">ISO 14635-1<\/td>\n<td class=\"has-text-align-center\" data-align=\"center\">&gt;11<\/td>\n<\/tr>\n<tr>\n<td class=\"has-text-align-left\" data-align=\"left\">T\u00ednh ch\u1ed1ng r\u1ec9 (24 gi\u1edd)<\/td>\n<td class=\"has-text-align-left\" data-align=\"left\">ASTM D665A<\/td>\n<td class=\"has-text-align-center\" data-align=\"center\">Pass<\/td>\n<\/tr>\n<tr>\n<td class=\"has-text-align-left\" data-align=\"left\">\u0102n m\u00f2n \u0111\u1ed3ng (3 gi\u1edd, 100<sup>o<\/sup>C)<\/td>\n<td class=\"has-text-align-left\" data-align=\"left\">ASTM D130<\/td>\n<td class=\"has-text-align-center\" data-align=\"center\">1<\/td>\n<\/tr>\n<\/tbody>\n<\/table>\n<\/figure>\n<\/div>\n<\/div>\n","protected":false},"excerpt":{"rendered":"<p><strong>Castrol Hyspin\u2122 HLP-Z\u00a068\u00a0<\/strong>l\u00e0 d\u00f2ng s\u1ea3n ph\u1ea9m d\u1ea7u th\u1ee7y l\u1ef1c cao c\u1ea5p \u0111\u01b0\u1ee3c pha ch\u1ebf t\u1eeb d\u1ea7u g\u1ed1c kho\u00e1ng tinh ch\u1ebf v\u00e0 h\u1ec7 ph\u1ee5 gia ch\u1ed1ng m\u00e0i m\u00f2n g\u1ed1c k\u1ebdm \u1ed5n \u0111\u1ecbnh. S\u1ea3n ph\u1ea9m n\u00e0y \u0111\u01b0\u1ee3c thi\u1ebft k\u1ebf \u0111\u1eb7c bi\u1ec7t cho c\u00e1c h\u1ec7 th\u1ed1ng th\u1ee7y l\u1ef1c, nh\u01b0ng c\u0169ng th\u00edch h\u1ee3p cho c\u00e1c \u1ee9ng d\u1ee5ng kh\u00e1c y\u00eau c\u1ea7u d\u1ea7u c\u00f3 \u0111\u1eb7c t\u00ednh b\u1ec1n \u00f4 xi h\u00f3a v\u00e0 kh\u1ea3 n\u0103ng b\u00f4i tr\u01a1n t\u1ed1t.<\/p>\n","protected":false},"featured_media":462,"comment_status":"open","ping_status":"closed","template":"","meta":[],"product_cat":[55,72],"product_tag":[],"class_list":{"0":"post-586","1":"product","2":"type-product","3":"status-publish","4":"has-post-thumbnail","6":"product_cat-xe-thuong-mai-thiet-bi-co-gioi","7":"product_cat-dau-thuy-luc","9":"first","10":"instock","11":"shipping-taxable","12":"product-type-simple"},"yoast_head":"<!-- This site is optimized with the Yoast SEO plugin v27.3 - https:\/\/yoast.com\/product\/yoast-seo-wordpress\/ -->\n<title>D\u1ea7u Th\u1ee7y L\u1ef1c Castrol Hyspin HLP-Z\u00a068 - D\u1ea7u Nh\u1eddn Ch\u00ednh H\u00e3ng<\/title>\n<meta name=\"description\" content=\"Castrol Hyspin\u2122 HLP-Z\u00a068\u00a0l\u00e0 d\u00f2ng s\u1ea3n ph\u1ea9m d\u1ea7u th\u1ee7y l\u1ef1c cao c\u1ea5p \u0111\u01b0\u1ee3c pha ch\u1ebf t\u1eeb d\u1ea7u g\u1ed1c kho\u00e1ng tinh ch\u1ebf v\u00e0 h\u1ec7 ph\u1ee5 gia ch\u1ed1ng m\u00e0i m\u00f2n g\u1ed1c k\u1ebdm \u1ed5n \u0111\u1ecbnh. S\u1ea3n ph\u1ea9m n\u00e0y \u0111\u01b0\u1ee3c thi\u1ebft k\u1ebf \u0111\u1eb7c bi\u1ec7t cho c\u00e1c h\u1ec7 th\u1ed1ng th\u1ee7y l\u1ef1c, nh\u01b0ng c\u0169ng th\u00edch h\u1ee3p cho c\u00e1c \u1ee9ng d\u1ee5ng kh\u00e1c y\u00eau c\u1ea7u d\u1ea7u c\u00f3 \u0111\u1eb7c t\u00ednh b\u1ec1n \u00f4 xi h\u00f3a v\u00e0 kh\u1ea3 n\u0103ng b\u00f4i tr\u01a1n t\u1ed1t.\" \/>\n<meta name=\"robots\" content=\"index, follow, max-snippet:-1, max-image-preview:large, max-video-preview:-1\" \/>\n<link rel=\"canonical\" href=\"https:\/\/daunhottrongkhoi.com\/product\/castrol-hyspin-hlp-z-68\/\" \/>\n<meta property=\"og:locale\" content=\"vi_VN\" \/>\n<meta property=\"og:type\" content=\"article\" \/>\n<meta property=\"og:title\" content=\"D\u1ea7u Th\u1ee7y L\u1ef1c Castrol Hyspin HLP-Z\u00a068 - D\u1ea7u Nh\u1eddn Ch\u00ednh H\u00e3ng\" \/>\n<meta property=\"og:description\" content=\"Castrol Hyspin\u2122 HLP-Z\u00a068\u00a0l\u00e0 d\u00f2ng s\u1ea3n ph\u1ea9m d\u1ea7u th\u1ee7y l\u1ef1c cao c\u1ea5p \u0111\u01b0\u1ee3c pha ch\u1ebf t\u1eeb d\u1ea7u g\u1ed1c kho\u00e1ng tinh ch\u1ebf v\u00e0 h\u1ec7 ph\u1ee5 gia ch\u1ed1ng m\u00e0i m\u00f2n g\u1ed1c k\u1ebdm \u1ed5n \u0111\u1ecbnh. S\u1ea3n ph\u1ea9m n\u00e0y \u0111\u01b0\u1ee3c thi\u1ebft k\u1ebf \u0111\u1eb7c bi\u1ec7t cho c\u00e1c h\u1ec7 th\u1ed1ng th\u1ee7y l\u1ef1c, nh\u01b0ng c\u0169ng th\u00edch h\u1ee3p cho c\u00e1c \u1ee9ng d\u1ee5ng kh\u00e1c y\u00eau c\u1ea7u d\u1ea7u c\u00f3 \u0111\u1eb7c t\u00ednh b\u1ec1n \u00f4 xi h\u00f3a v\u00e0 kh\u1ea3 n\u0103ng b\u00f4i tr\u01a1n t\u1ed1t.\" \/>\n<meta property=\"og:url\" content=\"https:\/\/daunhottrongkhoi.com\/product\/castrol-hyspin-hlp-z-68\/\" \/>\n<meta property=\"og:site_name\" content=\"D\u1ea7u Nh\u1eddn Ch\u00ednh H\u00e3ng\" \/>\n<meta property=\"article:modified_time\" content=\"2026-04-14T07:30:29+00:00\" \/>\n<meta property=\"og:image\" content=\"http:\/\/daunhottrongkhoi.com\/wp-content\/uploads\/2022\/04\/castrol-drum.jpg.img_.375.medium-1.jpg\" \/>\n\t<meta property=\"og:image:width\" content=\"375\" \/>\n\t<meta property=\"og:image:height\" content=\"375\" \/>\n\t<meta property=\"og:image:type\" content=\"image\/jpeg\" \/>\n<meta name=\"twitter:card\" content=\"summary_large_image\" \/>\n<meta name=\"twitter:label1\" content=\"\u01af\u1edbc t\u00ednh th\u1eddi gian \u0111\u1ecdc\" \/>\n\t<meta name=\"twitter:data1\" content=\"2 ph\u00fat\" \/>\n<script type=\"application\/ld+json\" class=\"yoast-schema-graph\">{\"@context\":\"https:\\\/\\\/schema.org\",\"@graph\":[{\"@type\":\"WebPage\",\"@id\":\"https:\\\/\\\/daunhottrongkhoi.com\\\/product\\\/castrol-hyspin-hlp-z-68\\\/\",\"url\":\"https:\\\/\\\/daunhottrongkhoi.com\\\/product\\\/castrol-hyspin-hlp-z-68\\\/\",\"name\":\"D\u1ea7u Th\u1ee7y L\u1ef1c Castrol Hyspin HLP-Z\u00a068 - D\u1ea7u Nh\u1eddn Ch\u00ednh H\u00e3ng\",\"isPartOf\":{\"@id\":\"https:\\\/\\\/daunhottrongkhoi.com\\\/#website\"},\"primaryImageOfPage\":{\"@id\":\"https:\\\/\\\/daunhottrongkhoi.com\\\/product\\\/castrol-hyspin-hlp-z-68\\\/#primaryimage\"},\"image\":{\"@id\":\"https:\\\/\\\/daunhottrongkhoi.com\\\/product\\\/castrol-hyspin-hlp-z-68\\\/#primaryimage\"},\"thumbnailUrl\":\"https:\\\/\\\/daunhottrongkhoi.com\\\/wp-content\\\/uploads\\\/2022\\\/04\\\/castrol-drum.jpg.img_.375.medium-1.jpg\",\"datePublished\":\"2026-04-13T08:43:48+00:00\",\"dateModified\":\"2026-04-14T07:30:29+00:00\",\"description\":\"Castrol Hyspin\u2122 HLP-Z\u00a068\u00a0l\u00e0 d\u00f2ng s\u1ea3n ph\u1ea9m d\u1ea7u th\u1ee7y l\u1ef1c cao c\u1ea5p \u0111\u01b0\u1ee3c pha ch\u1ebf t\u1eeb d\u1ea7u g\u1ed1c kho\u00e1ng tinh ch\u1ebf v\u00e0 h\u1ec7 ph\u1ee5 gia ch\u1ed1ng m\u00e0i m\u00f2n g\u1ed1c k\u1ebdm \u1ed5n \u0111\u1ecbnh. S\u1ea3n ph\u1ea9m n\u00e0y \u0111\u01b0\u1ee3c thi\u1ebft k\u1ebf \u0111\u1eb7c bi\u1ec7t cho c\u00e1c h\u1ec7 th\u1ed1ng th\u1ee7y l\u1ef1c, nh\u01b0ng c\u0169ng th\u00edch h\u1ee3p cho c\u00e1c \u1ee9ng d\u1ee5ng kh\u00e1c y\u00eau c\u1ea7u d\u1ea7u c\u00f3 \u0111\u1eb7c t\u00ednh b\u1ec1n \u00f4 xi h\u00f3a v\u00e0 kh\u1ea3 n\u0103ng b\u00f4i tr\u01a1n t\u1ed1t.\",\"breadcrumb\":{\"@id\":\"https:\\\/\\\/daunhottrongkhoi.com\\\/product\\\/castrol-hyspin-hlp-z-68\\\/#breadcrumb\"},\"inLanguage\":\"vi\",\"potentialAction\":[{\"@type\":\"ReadAction\",\"target\":[\"https:\\\/\\\/daunhottrongkhoi.com\\\/product\\\/castrol-hyspin-hlp-z-68\\\/\"]}]},{\"@type\":\"ImageObject\",\"inLanguage\":\"vi\",\"@id\":\"https:\\\/\\\/daunhottrongkhoi.com\\\/product\\\/castrol-hyspin-hlp-z-68\\\/#primaryimage\",\"url\":\"https:\\\/\\\/daunhottrongkhoi.com\\\/wp-content\\\/uploads\\\/2022\\\/04\\\/castrol-drum.jpg.img_.375.medium-1.jpg\",\"contentUrl\":\"https:\\\/\\\/daunhottrongkhoi.com\\\/wp-content\\\/uploads\\\/2022\\\/04\\\/castrol-drum.jpg.img_.375.medium-1.jpg\",\"width\":375,\"height\":375,\"caption\":\"D\u1ea7u H\u1ed9p S\u1ed1 T\u1ef1 \u0110\u1ed9ng Castrol ATF DEX III\"},{\"@type\":\"BreadcrumbList\",\"@id\":\"https:\\\/\\\/daunhottrongkhoi.com\\\/product\\\/castrol-hyspin-hlp-z-68\\\/#breadcrumb\",\"itemListElement\":[{\"@type\":\"ListItem\",\"position\":1,\"name\":\"Trang ch\u1ee7\",\"item\":\"https:\\\/\\\/daunhottrongkhoi.com\\\/\"},{\"@type\":\"ListItem\",\"position\":2,\"name\":\"Shop\",\"item\":\"https:\\\/\\\/daunhottrongkhoi.com\\\/shop\\\/\"},{\"@type\":\"ListItem\",\"position\":3,\"name\":\"D\u1ea7u Th\u1ee7y L\u1ef1c Castrol Hyspin HLP-Z\u00a068\"}]},{\"@type\":\"WebSite\",\"@id\":\"https:\\\/\\\/daunhottrongkhoi.com\\\/#website\",\"url\":\"https:\\\/\\\/daunhottrongkhoi.com\\\/\",\"name\":\"D\u1ea7u Nh\u1eddn Ch\u00ednh H\u00e3ng\",\"description\":\"D\u1ea7u m\u1ee1 nh\u1eddn ch\u00ednh h\u00e3ng\",\"potentialAction\":[{\"@type\":\"SearchAction\",\"target\":{\"@type\":\"EntryPoint\",\"urlTemplate\":\"https:\\\/\\\/daunhottrongkhoi.com\\\/?s={search_term_string}\"},\"query-input\":{\"@type\":\"PropertyValueSpecification\",\"valueRequired\":true,\"valueName\":\"search_term_string\"}}],\"inLanguage\":\"vi\"}]}<\/script>\n<!-- \/ Yoast SEO plugin. -->","yoast_head_json":{"title":"D\u1ea7u Th\u1ee7y L\u1ef1c Castrol Hyspin HLP-Z\u00a068 - D\u1ea7u Nh\u1eddn Ch\u00ednh H\u00e3ng","description":"Castrol Hyspin\u2122 HLP-Z\u00a068\u00a0l\u00e0 d\u00f2ng s\u1ea3n ph\u1ea9m d\u1ea7u th\u1ee7y l\u1ef1c cao c\u1ea5p \u0111\u01b0\u1ee3c pha ch\u1ebf t\u1eeb d\u1ea7u g\u1ed1c kho\u00e1ng tinh ch\u1ebf v\u00e0 h\u1ec7 ph\u1ee5 gia ch\u1ed1ng m\u00e0i m\u00f2n g\u1ed1c k\u1ebdm \u1ed5n \u0111\u1ecbnh. S\u1ea3n ph\u1ea9m n\u00e0y \u0111\u01b0\u1ee3c thi\u1ebft k\u1ebf \u0111\u1eb7c bi\u1ec7t cho c\u00e1c h\u1ec7 th\u1ed1ng th\u1ee7y l\u1ef1c, nh\u01b0ng c\u0169ng th\u00edch h\u1ee3p cho c\u00e1c \u1ee9ng d\u1ee5ng kh\u00e1c y\u00eau c\u1ea7u d\u1ea7u c\u00f3 \u0111\u1eb7c t\u00ednh b\u1ec1n \u00f4 xi h\u00f3a v\u00e0 kh\u1ea3 n\u0103ng b\u00f4i tr\u01a1n t\u1ed1t.","robots":{"index":"index","follow":"follow","max-snippet":"max-snippet:-1","max-image-preview":"max-image-preview:large","max-video-preview":"max-video-preview:-1"},"canonical":"https:\/\/daunhottrongkhoi.com\/product\/castrol-hyspin-hlp-z-68\/","og_locale":"vi_VN","og_type":"article","og_title":"D\u1ea7u Th\u1ee7y L\u1ef1c Castrol Hyspin HLP-Z\u00a068 - D\u1ea7u Nh\u1eddn Ch\u00ednh H\u00e3ng","og_description":"Castrol Hyspin\u2122 HLP-Z\u00a068\u00a0l\u00e0 d\u00f2ng s\u1ea3n ph\u1ea9m d\u1ea7u th\u1ee7y l\u1ef1c cao c\u1ea5p \u0111\u01b0\u1ee3c pha ch\u1ebf t\u1eeb d\u1ea7u g\u1ed1c kho\u00e1ng tinh ch\u1ebf v\u00e0 h\u1ec7 ph\u1ee5 gia ch\u1ed1ng m\u00e0i m\u00f2n g\u1ed1c k\u1ebdm \u1ed5n \u0111\u1ecbnh. S\u1ea3n ph\u1ea9m n\u00e0y \u0111\u01b0\u1ee3c thi\u1ebft k\u1ebf \u0111\u1eb7c bi\u1ec7t cho c\u00e1c h\u1ec7 th\u1ed1ng th\u1ee7y l\u1ef1c, nh\u01b0ng c\u0169ng th\u00edch h\u1ee3p cho c\u00e1c \u1ee9ng d\u1ee5ng kh\u00e1c y\u00eau c\u1ea7u d\u1ea7u c\u00f3 \u0111\u1eb7c t\u00ednh b\u1ec1n \u00f4 xi h\u00f3a v\u00e0 kh\u1ea3 n\u0103ng b\u00f4i tr\u01a1n t\u1ed1t.","og_url":"https:\/\/daunhottrongkhoi.com\/product\/castrol-hyspin-hlp-z-68\/","og_site_name":"D\u1ea7u Nh\u1eddn Ch\u00ednh H\u00e3ng","article_modified_time":"2026-04-14T07:30:29+00:00","og_image":[{"width":375,"height":375,"url":"http:\/\/daunhottrongkhoi.com\/wp-content\/uploads\/2022\/04\/castrol-drum.jpg.img_.375.medium-1.jpg","type":"image\/jpeg"}],"twitter_card":"summary_large_image","twitter_misc":{"\u01af\u1edbc t\u00ednh th\u1eddi gian \u0111\u1ecdc":"2 ph\u00fat"},"schema":{"@context":"https:\/\/schema.org","@graph":[{"@type":"WebPage","@id":"https:\/\/daunhottrongkhoi.com\/product\/castrol-hyspin-hlp-z-68\/","url":"https:\/\/daunhottrongkhoi.com\/product\/castrol-hyspin-hlp-z-68\/","name":"D\u1ea7u Th\u1ee7y L\u1ef1c Castrol Hyspin HLP-Z\u00a068 - D\u1ea7u Nh\u1eddn Ch\u00ednh H\u00e3ng","isPartOf":{"@id":"https:\/\/daunhottrongkhoi.com\/#website"},"primaryImageOfPage":{"@id":"https:\/\/daunhottrongkhoi.com\/product\/castrol-hyspin-hlp-z-68\/#primaryimage"},"image":{"@id":"https:\/\/daunhottrongkhoi.com\/product\/castrol-hyspin-hlp-z-68\/#primaryimage"},"thumbnailUrl":"https:\/\/daunhottrongkhoi.com\/wp-content\/uploads\/2022\/04\/castrol-drum.jpg.img_.375.medium-1.jpg","datePublished":"2026-04-13T08:43:48+00:00","dateModified":"2026-04-14T07:30:29+00:00","description":"Castrol Hyspin\u2122 HLP-Z\u00a068\u00a0l\u00e0 d\u00f2ng s\u1ea3n ph\u1ea9m d\u1ea7u th\u1ee7y l\u1ef1c cao c\u1ea5p \u0111\u01b0\u1ee3c pha ch\u1ebf t\u1eeb d\u1ea7u g\u1ed1c kho\u00e1ng tinh ch\u1ebf v\u00e0 h\u1ec7 ph\u1ee5 gia ch\u1ed1ng m\u00e0i m\u00f2n g\u1ed1c k\u1ebdm \u1ed5n \u0111\u1ecbnh. S\u1ea3n ph\u1ea9m n\u00e0y \u0111\u01b0\u1ee3c thi\u1ebft k\u1ebf \u0111\u1eb7c bi\u1ec7t cho c\u00e1c h\u1ec7 th\u1ed1ng th\u1ee7y l\u1ef1c, nh\u01b0ng c\u0169ng th\u00edch h\u1ee3p cho c\u00e1c \u1ee9ng d\u1ee5ng kh\u00e1c y\u00eau c\u1ea7u d\u1ea7u c\u00f3 \u0111\u1eb7c t\u00ednh b\u1ec1n \u00f4 xi h\u00f3a v\u00e0 kh\u1ea3 n\u0103ng b\u00f4i tr\u01a1n t\u1ed1t.","breadcrumb":{"@id":"https:\/\/daunhottrongkhoi.com\/product\/castrol-hyspin-hlp-z-68\/#breadcrumb"},"inLanguage":"vi","potentialAction":[{"@type":"ReadAction","target":["https:\/\/daunhottrongkhoi.com\/product\/castrol-hyspin-hlp-z-68\/"]}]},{"@type":"ImageObject","inLanguage":"vi","@id":"https:\/\/daunhottrongkhoi.com\/product\/castrol-hyspin-hlp-z-68\/#primaryimage","url":"https:\/\/daunhottrongkhoi.com\/wp-content\/uploads\/2022\/04\/castrol-drum.jpg.img_.375.medium-1.jpg","contentUrl":"https:\/\/daunhottrongkhoi.com\/wp-content\/uploads\/2022\/04\/castrol-drum.jpg.img_.375.medium-1.jpg","width":375,"height":375,"caption":"D\u1ea7u H\u1ed9p S\u1ed1 T\u1ef1 \u0110\u1ed9ng Castrol ATF DEX III"},{"@type":"BreadcrumbList","@id":"https:\/\/daunhottrongkhoi.com\/product\/castrol-hyspin-hlp-z-68\/#breadcrumb","itemListElement":[{"@type":"ListItem","position":1,"name":"Trang ch\u1ee7","item":"https:\/\/daunhottrongkhoi.com\/"},{"@type":"ListItem","position":2,"name":"Shop","item":"https:\/\/daunhottrongkhoi.com\/shop\/"},{"@type":"ListItem","position":3,"name":"D\u1ea7u Th\u1ee7y L\u1ef1c Castrol Hyspin HLP-Z\u00a068"}]},{"@type":"WebSite","@id":"https:\/\/daunhottrongkhoi.com\/#website","url":"https:\/\/daunhottrongkhoi.com\/","name":"D\u1ea7u Nh\u1eddn Ch\u00ednh H\u00e3ng","description":"D\u1ea7u m\u1ee1 nh\u1eddn ch\u00ednh h\u00e3ng","potentialAction":[{"@type":"SearchAction","target":{"@type":"EntryPoint","urlTemplate":"https:\/\/daunhottrongkhoi.com\/?s={search_term_string}"},"query-input":{"@type":"PropertyValueSpecification","valueRequired":true,"valueName":"search_term_string"}}],"inLanguage":"vi"}]}},"_links":{"self":[{"href":"https:\/\/daunhottrongkhoi.com\/wp-json\/wp\/v2\/product\/586","targetHints":{"allow":["GET"]}}],"collection":[{"href":"https:\/\/daunhottrongkhoi.com\/wp-json\/wp\/v2\/product"}],"about":[{"href":"https:\/\/daunhottrongkhoi.com\/wp-json\/wp\/v2\/types\/product"}],"replies":[{"embeddable":true,"href":"https:\/\/daunhottrongkhoi.com\/wp-json\/wp\/v2\/comments?post=586"}],"wp:featuredmedia":[{"embeddable":true,"href":"https:\/\/daunhottrongkhoi.com\/wp-json\/wp\/v2\/media\/462"}],"wp:attachment":[{"href":"https:\/\/daunhottrongkhoi.com\/wp-json\/wp\/v2\/media?parent=586"}],"wp:term":[{"taxonomy":"product_cat","embeddable":true,"href":"https:\/\/daunhottrongkhoi.com\/wp-json\/wp\/v2\/product_cat?post=586"},{"taxonomy":"product_tag","embeddable":true,"href":"https:\/\/daunhottrongkhoi.com\/wp-json\/wp\/v2\/product_tag?post=586"}],"curies":[{"name":"wp","href":"https:\/\/api.w.org\/{rel}","templated":true}]}}