{"id":580,"date":"2026-04-12T23:48:24","date_gmt":"2026-04-12T23:48:24","guid":{"rendered":"https:\/\/daunhottrongkhoi.com\/?post_type=product&#038;p=580"},"modified":"2026-04-12T23:49:03","modified_gmt":"2026-04-12T23:49:03","slug":"580","status":"publish","type":"product","link":"https:\/\/daunhottrongkhoi.com\/product\/580\/","title":{"rendered":"CASTROL ALPHA SP 320"},"content":{"rendered":"<p><strong>D\u1ea7u b\u00e1nh r\u0103ng Castrol Alpha SP 320<\/strong>\u00a0\u0111\u01b0\u1ee3c pha ch\u1ebf t\u1eeb c\u00e1c lo\u1ea1i d\u1ea7u g\u1ed1c kho\u00e1ng tinh ch\u1ebf, t\u0103ng c\u01b0\u1eddng b\u1eb1ng c\u00f4ng ngh\u1ec7 ph\u1ee5 gia ch\u1ecbu c\u1ef1c \u00e1p, cung c\u1ea5p \u0111\u1eb7c t\u00ednh b\u1ec1n nhi\u1ec7t v\u00e0 kh\u1ea3 n\u0103ng ch\u1ecbu t\u1ea3i v\u01b0\u1ee3t tr\u1ed9i. H\u1ec7 ph\u1ee5 gia c\u1ef1c \u00e1p kh\u00f4ng nh\u1eefng cung c\u1ea5p kh\u1ea3 n\u0103ng ch\u1ecbu t\u1ea3i t\u1ed1t m\u00e0 c\u00f2n mang l\u1ea1i kh\u1ea3 n\u0103ng b\u1ea3o v\u1ec7 ch\u1ed1ng m\u00e0i m\u00f2n \u1edf m\u1ee9c \u0111\u1ed9 t\u1ebf vi. B\u1ea3o v\u1ec7 ch\u1ed1ng m\u00e0i m\u00f2n \u1edf c\u1ea5p \u0111\u1ed9 t\u1ebf vi, \u0111\u01b0\u1ee3c bi\u1ebft \u0111\u1ebfn d\u01b0\u1edbi d\u1ea1ng b\u1ea3o v\u1ec7 ch\u1ed1ng r\u1ed7 m\u00f2n kim lo\u1ea1i, m\u1ed9t trong nh\u1eefng nh\u00e2n t\u1ed1 quan tr\u1ecdng gi\u00fap ng\u0103n ng\u1eeba s\u1ef1 ph\u00e1 h\u1ee7y do m\u00e0i m\u00f2n \u1edf m\u1ee9c \u0111\u1ed9 vi m\u00f4, qua \u0111\u00f3 gi\u00fap n\u00e2ng cao tu\u1ed5i th\u1ecd c\u1ee7a b\u00e1nh r\u0103ng v\u00e0 \u0111\u00e1p \u1ee9ng y\u00eau c\u1ea7u c\u1ee7a c\u00e1c h\u1ed9p s\u1ed1 c\u00f3 k\u00edch th\u01b0\u1edbc nh\u1ecf g\u1ecdn nh\u01b0ng l\u00e0m vi\u1ec7c v\u1edbi momen xo\u1eafn l\u1edbn.<\/p>\n<p>&nbsp;<\/p>\n<p><strong>Castrol Alpha SP 320<\/strong>\u00a0\u0111\u01b0\u1ee3c khuy\u1ebfn c\u00e1o b\u00f4i tr\u01a1n cho c\u00e1c h\u1ed9p s\u1ed1 c\u00f4ng nghi\u1ec7p b\u1eb1ng ph\u01b0\u01a1ng ph\u00e1p tu\u1ea7n ho\u00e0n c\u01b0\u1ee1ng b\u1ee9c, v\u0103ng d\u1ea7u ho\u1eb7c ng\u00e2m d\u1ea7u. Alpha SP ph\u00f9 h\u1ee3p v\u1edbi h\u1ec7 b\u00e1nh r\u0103ng tr\u1ee5 th\u1eb3ng, tr\u1ee5 nghi\u00eang v\u00e0 m\u1ed9t v\u00e0i lo\u1ea1i b\u00e1nh v\u00edt-tr\u1ee5c v\u00edt ch\u1ecbu t\u1ea3i nh\u1eb9.<\/p>\n<p><strong>D\u1ea7u b\u00e1nh r\u0103ng c\u00f4ng nghi\u1ec7p Castrol Alpha SP 320<\/strong>\u00a0\u0111\u01b0\u1ee3c ph\u00e2n lo\u1ea1i theo DIN CLP v\u00e0 \u0111\u00e1p \u1ee9ng y\u00eau c\u1ea7u c\u1ee7a c\u00e1c ti\u00eau chu\u1ea9n<\/p>\n<p>DIN 51517, PART 3<\/p>\n<p>AGMA 9005 \u2013 D94<\/p>\n<p>US STEEL 224<\/p>\n<p>David Brow Type E<\/p>\n<p>Hansen Transmissions, Flender.<\/p>\n<p>\u0110\u1ed9 nh\u1edbt \u0111\u1ed9ng h\u1ecdc: ISO VG 320<\/p>\n<h2 id=\"h-thong-s\u1ed1-k\u1ef9-thu\u1eadt-castrol-alpha-sp-320\" class=\"wp-block-heading has-text-align-left has-vivid-red-color has-text-color has-background\"><strong>TH\u00d4NG S\u1ed0 K\u1ef8 THU\u1eacT \u2013\u00a0CASTROL ALPHA SP 320<\/strong><\/h2>\n<div class=\"wp-block-columns is-layout-flex wp-container-core-columns-is-layout-28f84493 wp-block-columns-is-layout-flex\">\n<div class=\"wp-block-column is-layout-flow wp-block-column-is-layout-flow\">\n<figure class=\"wp-block-table is-style-stripes\">\n<table class=\"has-black-color has-text-color has-background has-border-color\">\n<thead>\n<tr>\n<th class=\"has-text-align-left\" data-align=\"left\">T\u00ednh Ch\u1ea5t<\/th>\n<th class=\"has-text-align-left\" data-align=\"left\">Ph\u01b0\u01a1ng Ph\u00e1p<\/th>\n<th class=\"has-text-align-center\" data-align=\"center\"><strong>SP 320<\/strong><\/th>\n<\/tr>\n<\/thead>\n<tbody>\n<tr>\n<td class=\"has-text-align-left\" data-align=\"left\">C\u1ea5p AGMA<\/td>\n<td class=\"has-text-align-left\" data-align=\"left\">\u2013<\/td>\n<td class=\"has-text-align-center\" data-align=\"center\">6 EP<\/td>\n<\/tr>\n<tr>\n<td class=\"has-text-align-left\" data-align=\"left\">C\u1ea5p \u0111\u1ed9 nh\u1edbt<\/td>\n<td class=\"has-text-align-left\" data-align=\"left\">\u2013<\/td>\n<td class=\"has-text-align-center\" data-align=\"center\">320<\/td>\n<\/tr>\n<tr>\n<td class=\"has-text-align-left\" data-align=\"left\">Kh\u1ed1i l\u01b0\u1ee3ng ri\u00eang \u1edf 15<sup>o<\/sup>C, kg\/m<sup>3<\/sup><\/td>\n<td class=\"has-text-align-left\" data-align=\"left\">ASTM D4052<\/td>\n<td class=\"has-text-align-center\" data-align=\"center\">900<\/td>\n<\/tr>\n<tr>\n<td class=\"has-text-align-left\" data-align=\"left\">\u0110\u1ed9 nh\u1edbt \u0111\u1ed9ng h\u1ecdc \u1edf 40<sup>o<\/sup>C, mm<sup>2<\/sup>\/s<\/td>\n<td class=\"has-text-align-left\" data-align=\"left\">ASTM D445<\/td>\n<td class=\"has-text-align-center\" data-align=\"center\">320<\/td>\n<\/tr>\n<tr>\n<td class=\"has-text-align-left\" data-align=\"left\">\u0110\u1ed9 nh\u1edbt \u0111\u1ed9ng h\u1ecdc \u1edf 100<sup>o<\/sup>C, mm<sup>2<\/sup>\/s<\/td>\n<td class=\"has-text-align-left\" data-align=\"left\">ASTM D445<\/td>\n<td class=\"has-text-align-center\" data-align=\"center\">24.0<\/td>\n<\/tr>\n<tr>\n<td class=\"has-text-align-left\" data-align=\"left\">Ch\u1ec9 s\u1ed1 \u0111\u1ed9 nh\u1edbt<\/td>\n<td class=\"has-text-align-left\" data-align=\"left\">ASTM 2270<\/td>\n<td class=\"has-text-align-center\" data-align=\"center\">&gt; 95<\/td>\n<\/tr>\n<tr>\n<td class=\"has-text-align-left\" data-align=\"left\">\u0110i\u1ec3m r\u00f3t ch\u1ea3y \/\u00a0<sup>o<\/sup>C<\/td>\n<td class=\"has-text-align-left\" data-align=\"left\">ASTM D97<\/td>\n<td class=\"has-text-align-center\" data-align=\"center\">\u2013 9<\/td>\n<\/tr>\n<tr>\n<td class=\"has-text-align-left\" data-align=\"left\">\u0110i\u1ec3m ch\u1edbp ch\u00e1y (COC) \/\u00a0<sup>o<\/sup>C<\/td>\n<td class=\"has-text-align-left\" data-align=\"left\">ASTM D92<\/td>\n<td class=\"has-text-align-center\" data-align=\"center\">226<\/td>\n<\/tr>\n<tr>\n<td class=\"has-text-align-left\" data-align=\"left\">\u0110\u1ed9 t\u1ea1o b\u1ecdt SeqI \/ ml\/ml<\/td>\n<td class=\"has-text-align-left\" data-align=\"left\">ASTM D892<\/td>\n<td class=\"has-text-align-center\" data-align=\"center\">10\/0<\/td>\n<\/tr>\n<tr>\n<td class=\"has-text-align-left\" data-align=\"left\">\u0102n m\u00f2n \u0111\u1ed3ng (3h \u1edf 100<sup>o<\/sup>C)<\/td>\n<td class=\"has-text-align-left\" data-align=\"left\">ASTM D130<\/td>\n<td class=\"has-text-align-center\" data-align=\"center\">1B<\/td>\n<\/tr>\n<tr>\n<td class=\"has-text-align-left\" data-align=\"left\">Th\u1eed r\u1ec9 (24 gi\u1edd) \u2013 N\u01b0\u1edbc bi\u1ec3n TH<\/td>\n<td class=\"has-text-align-left\" data-align=\"left\">ASTM D665B<\/td>\n<td class=\"has-text-align-center\" data-align=\"center\">Pass<\/td>\n<\/tr>\n<tr>\n<td class=\"has-text-align-left\" data-align=\"left\">Th\u1eed t\u1ea3i FZG (A\/8.3\/90)<\/td>\n<td class=\"has-text-align-left\" data-align=\"left\">ISO 14635 \u2013 1<\/td>\n<td class=\"has-text-align-center\" data-align=\"center\">&gt; 14<\/td>\n<\/tr>\n<tr>\n<td class=\"has-text-align-left\" data-align=\"left\">Th\u1eed nghi\u1ec7m vi r\u1ed7 FZG, 90<sup>o<\/sup>C<\/td>\n<td class=\"has-text-align-left\" data-align=\"left\">FVA 54 \u2013 7<\/td>\n<td class=\"has-text-align-center\" data-align=\"center\">&gt; 10<\/td>\n<\/tr>\n<tr>\n<td class=\"has-text-align-left\" data-align=\"left\">Th\u1eed nghi\u1ec7m Brugger \/ N\/mm<sup>2<\/sup><\/td>\n<td class=\"has-text-align-left\" data-align=\"left\">DIN 51347<\/td>\n<td class=\"has-text-align-center\" data-align=\"center\">&gt; 55<\/td>\n<\/tr>\n<\/tbody>\n<\/table>\n<\/figure>\n<\/div>\n<\/div>\n","protected":false},"excerpt":{"rendered":"<p>D\u1ea7u b\u00e1nh r\u0103ng Castrol Alpha SP 320\u00a0\u0111\u01b0\u1ee3c pha ch\u1ebf t\u1eeb c\u00e1c lo\u1ea1i d\u1ea7u g\u1ed1c kho\u00e1ng tinh ch\u1ebf, t\u0103ng c\u01b0\u1eddng b\u1eb1ng c\u00f4ng ngh\u1ec7 ph\u1ee5 gia ch\u1ecbu c\u1ef1c \u00e1p, cung c\u1ea5p \u0111\u1eb7c t\u00ednh b\u1ec1n nhi\u1ec7t v\u00e0 kh\u1ea3 n\u0103ng ch\u1ecbu t\u1ea3i v\u01b0\u1ee3t tr\u1ed9i. H\u1ec7 ph\u1ee5 gia c\u1ef1c \u00e1p kh\u00f4ng nh\u1eefng cung c\u1ea5p kh\u1ea3 n\u0103ng ch\u1ecbu t\u1ea3i t\u1ed1t m\u00e0<\/p>\n","protected":false},"featured_media":462,"comment_status":"open","ping_status":"closed","template":"","meta":[],"product_cat":[56,75],"product_tag":[],"class_list":{"0":"post-580","1":"product","2":"type-product","3":"status-publish","4":"has-post-thumbnail","6":"product_cat-cong-nghiep","7":"product_cat-dau-banh-rang-cong-nghiep","9":"first","10":"instock","11":"shipping-taxable","12":"product-type-simple"},"yoast_head":"<!-- This site is optimized with the Yoast SEO plugin v27.3 - https:\/\/yoast.com\/product\/yoast-seo-wordpress\/ -->\n<title>CASTROL ALPHA SP 320 - D\u1ea7u Nh\u1eddn Ch\u00ednh H\u00e3ng<\/title>\n<meta name=\"robots\" content=\"index, follow, max-snippet:-1, max-image-preview:large, max-video-preview:-1\" \/>\n<link rel=\"canonical\" href=\"https:\/\/daunhottrongkhoi.com\/product\/580\/\" \/>\n<meta property=\"og:locale\" content=\"vi_VN\" \/>\n<meta property=\"og:type\" content=\"article\" \/>\n<meta property=\"og:title\" content=\"CASTROL ALPHA SP 320 - D\u1ea7u Nh\u1eddn Ch\u00ednh H\u00e3ng\" \/>\n<meta property=\"og:description\" content=\"D\u1ea7u b\u00e1nh r\u0103ng Castrol Alpha SP 320\u00a0\u0111\u01b0\u1ee3c pha ch\u1ebf t\u1eeb c\u00e1c lo\u1ea1i d\u1ea7u g\u1ed1c kho\u00e1ng tinh ch\u1ebf, t\u0103ng c\u01b0\u1eddng b\u1eb1ng c\u00f4ng ngh\u1ec7 ph\u1ee5 gia ch\u1ecbu c\u1ef1c \u00e1p, cung c\u1ea5p \u0111\u1eb7c t\u00ednh b\u1ec1n nhi\u1ec7t v\u00e0 kh\u1ea3 n\u0103ng ch\u1ecbu t\u1ea3i v\u01b0\u1ee3t tr\u1ed9i. H\u1ec7 ph\u1ee5 gia c\u1ef1c \u00e1p kh\u00f4ng nh\u1eefng cung c\u1ea5p kh\u1ea3 n\u0103ng ch\u1ecbu t\u1ea3i t\u1ed1t m\u00e0\" \/>\n<meta property=\"og:url\" content=\"https:\/\/daunhottrongkhoi.com\/product\/580\/\" \/>\n<meta property=\"og:site_name\" content=\"D\u1ea7u Nh\u1eddn Ch\u00ednh H\u00e3ng\" \/>\n<meta property=\"article:modified_time\" content=\"2026-04-12T23:49:03+00:00\" \/>\n<meta property=\"og:image\" content=\"http:\/\/daunhottrongkhoi.com\/wp-content\/uploads\/2022\/04\/castrol-drum.jpg.img_.375.medium-1.jpg\" \/>\n\t<meta property=\"og:image:width\" content=\"375\" \/>\n\t<meta property=\"og:image:height\" content=\"375\" \/>\n\t<meta property=\"og:image:type\" content=\"image\/jpeg\" \/>\n<meta name=\"twitter:card\" content=\"summary_large_image\" \/>\n<meta name=\"twitter:label1\" content=\"\u01af\u1edbc t\u00ednh th\u1eddi gian \u0111\u1ecdc\" \/>\n\t<meta name=\"twitter:data1\" content=\"2 ph\u00fat\" \/>\n<script type=\"application\/ld+json\" class=\"yoast-schema-graph\">{\"@context\":\"https:\\\/\\\/schema.org\",\"@graph\":[{\"@type\":\"WebPage\",\"@id\":\"https:\\\/\\\/daunhottrongkhoi.com\\\/product\\\/580\\\/\",\"url\":\"https:\\\/\\\/daunhottrongkhoi.com\\\/product\\\/580\\\/\",\"name\":\"CASTROL ALPHA SP 320 - D\u1ea7u Nh\u1eddn Ch\u00ednh H\u00e3ng\",\"isPartOf\":{\"@id\":\"https:\\\/\\\/daunhottrongkhoi.com\\\/#website\"},\"primaryImageOfPage\":{\"@id\":\"https:\\\/\\\/daunhottrongkhoi.com\\\/product\\\/580\\\/#primaryimage\"},\"image\":{\"@id\":\"https:\\\/\\\/daunhottrongkhoi.com\\\/product\\\/580\\\/#primaryimage\"},\"thumbnailUrl\":\"https:\\\/\\\/daunhottrongkhoi.com\\\/wp-content\\\/uploads\\\/2022\\\/04\\\/castrol-drum.jpg.img_.375.medium-1.jpg\",\"datePublished\":\"2026-04-12T23:48:24+00:00\",\"dateModified\":\"2026-04-12T23:49:03+00:00\",\"breadcrumb\":{\"@id\":\"https:\\\/\\\/daunhottrongkhoi.com\\\/product\\\/580\\\/#breadcrumb\"},\"inLanguage\":\"vi\",\"potentialAction\":[{\"@type\":\"ReadAction\",\"target\":[\"https:\\\/\\\/daunhottrongkhoi.com\\\/product\\\/580\\\/\"]}]},{\"@type\":\"ImageObject\",\"inLanguage\":\"vi\",\"@id\":\"https:\\\/\\\/daunhottrongkhoi.com\\\/product\\\/580\\\/#primaryimage\",\"url\":\"https:\\\/\\\/daunhottrongkhoi.com\\\/wp-content\\\/uploads\\\/2022\\\/04\\\/castrol-drum.jpg.img_.375.medium-1.jpg\",\"contentUrl\":\"https:\\\/\\\/daunhottrongkhoi.com\\\/wp-content\\\/uploads\\\/2022\\\/04\\\/castrol-drum.jpg.img_.375.medium-1.jpg\",\"width\":375,\"height\":375,\"caption\":\"dau-thuy-luc-khong-kem-castrol-hyspin-hvi-68\"},{\"@type\":\"BreadcrumbList\",\"@id\":\"https:\\\/\\\/daunhottrongkhoi.com\\\/product\\\/580\\\/#breadcrumb\",\"itemListElement\":[{\"@type\":\"ListItem\",\"position\":1,\"name\":\"Trang ch\u1ee7\",\"item\":\"https:\\\/\\\/daunhottrongkhoi.com\\\/\"},{\"@type\":\"ListItem\",\"position\":2,\"name\":\"Shop\",\"item\":\"https:\\\/\\\/daunhottrongkhoi.com\\\/shop\\\/\"},{\"@type\":\"ListItem\",\"position\":3,\"name\":\"CASTROL ALPHA SP 320\"}]},{\"@type\":\"WebSite\",\"@id\":\"https:\\\/\\\/daunhottrongkhoi.com\\\/#website\",\"url\":\"https:\\\/\\\/daunhottrongkhoi.com\\\/\",\"name\":\"D\u1ea7u Nh\u1eddn Ch\u00ednh H\u00e3ng\",\"description\":\"D\u1ea7u m\u1ee1 nh\u1eddn ch\u00ednh h\u00e3ng\",\"potentialAction\":[{\"@type\":\"SearchAction\",\"target\":{\"@type\":\"EntryPoint\",\"urlTemplate\":\"https:\\\/\\\/daunhottrongkhoi.com\\\/?s={search_term_string}\"},\"query-input\":{\"@type\":\"PropertyValueSpecification\",\"valueRequired\":true,\"valueName\":\"search_term_string\"}}],\"inLanguage\":\"vi\"}]}<\/script>\n<!-- \/ Yoast SEO plugin. -->","yoast_head_json":{"title":"CASTROL ALPHA SP 320 - D\u1ea7u Nh\u1eddn Ch\u00ednh H\u00e3ng","robots":{"index":"index","follow":"follow","max-snippet":"max-snippet:-1","max-image-preview":"max-image-preview:large","max-video-preview":"max-video-preview:-1"},"canonical":"https:\/\/daunhottrongkhoi.com\/product\/580\/","og_locale":"vi_VN","og_type":"article","og_title":"CASTROL ALPHA SP 320 - D\u1ea7u Nh\u1eddn Ch\u00ednh H\u00e3ng","og_description":"D\u1ea7u b\u00e1nh r\u0103ng Castrol Alpha SP 320\u00a0\u0111\u01b0\u1ee3c pha ch\u1ebf t\u1eeb c\u00e1c lo\u1ea1i d\u1ea7u g\u1ed1c kho\u00e1ng tinh ch\u1ebf, t\u0103ng c\u01b0\u1eddng b\u1eb1ng c\u00f4ng ngh\u1ec7 ph\u1ee5 gia ch\u1ecbu c\u1ef1c \u00e1p, cung c\u1ea5p \u0111\u1eb7c t\u00ednh b\u1ec1n nhi\u1ec7t v\u00e0 kh\u1ea3 n\u0103ng ch\u1ecbu t\u1ea3i v\u01b0\u1ee3t tr\u1ed9i. H\u1ec7 ph\u1ee5 gia c\u1ef1c \u00e1p kh\u00f4ng nh\u1eefng cung c\u1ea5p kh\u1ea3 n\u0103ng ch\u1ecbu t\u1ea3i t\u1ed1t m\u00e0","og_url":"https:\/\/daunhottrongkhoi.com\/product\/580\/","og_site_name":"D\u1ea7u Nh\u1eddn Ch\u00ednh H\u00e3ng","article_modified_time":"2026-04-12T23:49:03+00:00","og_image":[{"width":375,"height":375,"url":"http:\/\/daunhottrongkhoi.com\/wp-content\/uploads\/2022\/04\/castrol-drum.jpg.img_.375.medium-1.jpg","type":"image\/jpeg"}],"twitter_card":"summary_large_image","twitter_misc":{"\u01af\u1edbc t\u00ednh th\u1eddi gian \u0111\u1ecdc":"2 ph\u00fat"},"schema":{"@context":"https:\/\/schema.org","@graph":[{"@type":"WebPage","@id":"https:\/\/daunhottrongkhoi.com\/product\/580\/","url":"https:\/\/daunhottrongkhoi.com\/product\/580\/","name":"CASTROL ALPHA SP 320 - D\u1ea7u Nh\u1eddn Ch\u00ednh H\u00e3ng","isPartOf":{"@id":"https:\/\/daunhottrongkhoi.com\/#website"},"primaryImageOfPage":{"@id":"https:\/\/daunhottrongkhoi.com\/product\/580\/#primaryimage"},"image":{"@id":"https:\/\/daunhottrongkhoi.com\/product\/580\/#primaryimage"},"thumbnailUrl":"https:\/\/daunhottrongkhoi.com\/wp-content\/uploads\/2022\/04\/castrol-drum.jpg.img_.375.medium-1.jpg","datePublished":"2026-04-12T23:48:24+00:00","dateModified":"2026-04-12T23:49:03+00:00","breadcrumb":{"@id":"https:\/\/daunhottrongkhoi.com\/product\/580\/#breadcrumb"},"inLanguage":"vi","potentialAction":[{"@type":"ReadAction","target":["https:\/\/daunhottrongkhoi.com\/product\/580\/"]}]},{"@type":"ImageObject","inLanguage":"vi","@id":"https:\/\/daunhottrongkhoi.com\/product\/580\/#primaryimage","url":"https:\/\/daunhottrongkhoi.com\/wp-content\/uploads\/2022\/04\/castrol-drum.jpg.img_.375.medium-1.jpg","contentUrl":"https:\/\/daunhottrongkhoi.com\/wp-content\/uploads\/2022\/04\/castrol-drum.jpg.img_.375.medium-1.jpg","width":375,"height":375,"caption":"dau-thuy-luc-khong-kem-castrol-hyspin-hvi-68"},{"@type":"BreadcrumbList","@id":"https:\/\/daunhottrongkhoi.com\/product\/580\/#breadcrumb","itemListElement":[{"@type":"ListItem","position":1,"name":"Trang ch\u1ee7","item":"https:\/\/daunhottrongkhoi.com\/"},{"@type":"ListItem","position":2,"name":"Shop","item":"https:\/\/daunhottrongkhoi.com\/shop\/"},{"@type":"ListItem","position":3,"name":"CASTROL ALPHA SP 320"}]},{"@type":"WebSite","@id":"https:\/\/daunhottrongkhoi.com\/#website","url":"https:\/\/daunhottrongkhoi.com\/","name":"D\u1ea7u Nh\u1eddn Ch\u00ednh H\u00e3ng","description":"D\u1ea7u m\u1ee1 nh\u1eddn ch\u00ednh h\u00e3ng","potentialAction":[{"@type":"SearchAction","target":{"@type":"EntryPoint","urlTemplate":"https:\/\/daunhottrongkhoi.com\/?s={search_term_string}"},"query-input":{"@type":"PropertyValueSpecification","valueRequired":true,"valueName":"search_term_string"}}],"inLanguage":"vi"}]}},"_links":{"self":[{"href":"https:\/\/daunhottrongkhoi.com\/wp-json\/wp\/v2\/product\/580","targetHints":{"allow":["GET"]}}],"collection":[{"href":"https:\/\/daunhottrongkhoi.com\/wp-json\/wp\/v2\/product"}],"about":[{"href":"https:\/\/daunhottrongkhoi.com\/wp-json\/wp\/v2\/types\/product"}],"replies":[{"embeddable":true,"href":"https:\/\/daunhottrongkhoi.com\/wp-json\/wp\/v2\/comments?post=580"}],"wp:featuredmedia":[{"embeddable":true,"href":"https:\/\/daunhottrongkhoi.com\/wp-json\/wp\/v2\/media\/462"}],"wp:attachment":[{"href":"https:\/\/daunhottrongkhoi.com\/wp-json\/wp\/v2\/media?parent=580"}],"wp:term":[{"taxonomy":"product_cat","embeddable":true,"href":"https:\/\/daunhottrongkhoi.com\/wp-json\/wp\/v2\/product_cat?post=580"},{"taxonomy":"product_tag","embeddable":true,"href":"https:\/\/daunhottrongkhoi.com\/wp-json\/wp\/v2\/product_tag?post=580"}],"curies":[{"name":"wp","href":"https:\/\/api.w.org\/{rel}","templated":true}]}}