{"id":557,"date":"2026-04-12T08:46:41","date_gmt":"2026-04-12T08:46:41","guid":{"rendered":"https:\/\/daunhottrongkhoi.com\/?post_type=product&#038;p=557"},"modified":"2026-04-12T08:49:13","modified_gmt":"2026-04-12T08:49:13","slug":"dau-dong-co-castrol-crb-turbomax-15w40-ci-4","status":"publish","type":"product","link":"https:\/\/daunhottrongkhoi.com\/?product=dau-dong-co-castrol-crb-turbomax-15w40-ci-4","title":{"rendered":"CASTROL CRB TURBOMAX 15W40 CI-4"},"content":{"rendered":"<p><strong>Castrol CRB Turbomax 15W40 CI-4<\/strong>\u00a0l\u00e0 d\u1ea7u \u0111\u1ed9ng c\u01a1 diesel h\u1ea1ng n\u1eb7ng cao c\u1ea5p, th\u00edch h\u1ee3p v\u1edbi c\u00e1c \u0111\u1ed9ng c\u01a1 tr\u00ean xe t\u1ea3i, xe kh\u00e1ch, thi\u1ebft b\u1ecb thi c\u00f4ng c\u01a1 gi\u1edbi, m\u00e1y n\u00f4ng nghi\u1ec7p, t\u00e0u thuy\u1ec1n\u2026 s\u1eed d\u1ee5ng d\u1ea3i r\u1ed9ng nhi\u00ean li\u1ec7u diesel c\u00f3 ch\u1ea5t l\u01b0\u1ee3ng kh\u00e1c nhau.<\/p>\n<p>Castrol CRB gi\u00fap b\u1ea3o v\u1ec7 \u0111\u1ed9ng c\u01a1 t\u1ed1i \u01b0u trong su\u1ed1t qu\u00e1 tr\u00ecnh v\u1eadn h\u00e0nh, gi\u1ea3m thi\u1ec3u th\u1eddi gian ng\u1eebng m\u00e1y ngo\u00e0i d\u1ef1 ki\u1ebfn v\u00e0 chi ph\u00ed s\u1eeda ch\u1eefa. D\u00e3y s\u1ea3n ph\u1ea9m Castrol CRB g\u1ed3m:<\/p>\n<ul>\n<li><b>Castrol CRB Turbomax c\u00f4ng ngh\u1ec7 t\u1ed5ng h\u1ee3p v\u1edbi 3X B\u1ea3o v\u1ec7 v\u01b0\u1ee3t tr\u1ed9i* nh\u1edd C\u00f4ng ngh\u1ec7 si\u00eau b\u1ec1n<sup>TM<\/sup>\u00a0<\/b>cung c\u1ea5p kh\u1ea3 n\u0103ng b\u1ea3o v\u1ec7 v\u01b0\u1ee3t tr\u1ed9i, ng\u0103n ch\u1eb7n ba y\u1ebfu t\u1ed1 h\u00ecnh th\u00e0nh v\u00f2ng l\u1eb7p g\u00e2y h\u01b0 h\u1ecfng, gi\u00fap k\u00e9o d\u00e0i tu\u1ed5i th\u1ecd \u0111\u1ed9ng c\u01a1.<\/li>\n<li><b>Castrol CRB Multi\u00a0v\u00e0 Castrol CRB<\/b>\u00a0ng\u0103n ng\u1eeba s\u1ef1 t\u00edch t\u1ee5 mu\u1ed9i than v\u00e0 ch\u1ed1ng l\u1ea1i s\u1ef1 h\u00f3a \u0111\u1eb7c d\u1ea7u nh\u1edbt, cung c\u1ea5p kh\u1ea3 n\u0103ng b\u1ea3o v\u1ec7 \u0111\u1ed9ng c\u01a1 b\u1ec1n h\u01a1n, s\u1ea1ch h\u01a1n trong nhi\u1ec1u \u1ee9ng d\u1ee5ng kh\u00e1c nhau.<\/li>\n<li>\n<h4>Ti\u00eau chu\u1ea9n k\u1ef9 thu\u1eadt<\/h4>\n<ul>\n<li>API CI-4<\/li>\n<li>ACEA E7<\/li>\n<li>CAT ECF-1-a<\/li>\n<li>Cummins CES 20076, CES 20077<\/li>\n<li>DDC Powerguard 93K215<\/li>\n<li>Deutz DQC III-10<\/li>\n<li>Mack EO-M Plus, EO-N<\/li>\n<li>MB-Approval 228.3<\/li>\n<li>RVI RLD-2<\/li>\n<li>Volvo VDS 3<\/li>\n<li>\u0110\u00e1p \u1ee9ng y\u00eau c\u1ea7u c\u1ee7a ti\u00eau chu\u1ea9n MAN M 3275-1<\/li>\n<li><\/li>\n<\/ul>\n<\/li>\n<li>\n<h2 id=\"ftoc-heading-4\" class=\"ftwp-heading\">C\u00e1c \u0110\u1eb7t T\u00ednh Ti\u00eau Bi\u1ec3u D\u1ea7u \u0110\u1ed9ng C\u01a1 Castrol CRB Turbomax 15W40 CI-4<\/h2>\n<\/li>\n<li>\n<table width=\"671\">\n<tbody>\n<tr>\n<td width=\"263\">h\u1eed nghi\u1ec7m<\/td>\n<td width=\"96\">Ph\u01b0\u01a1ng ph\u00e1p<\/td>\n<td width=\"76\">\u0110\u01a1n v\u1ecb<\/td>\n<td width=\"191\">CRB Turbomax 15W-40 CI-4<\/td>\n<\/tr>\n<tr>\n<td width=\"263\">Kh\u1ed1i l\u01b0\u1ee3ng ri\u00eang \u1edf 15\u00b0C<\/td>\n<td width=\"96\">ASTM D4052<\/td>\n<td width=\"76\">g\/ml<\/td>\n<td>0.874<\/td>\n<\/tr>\n<tr>\n<td width=\"263\">\u0110\u1ed9 nh\u1edbt \u0111\u1ed9ng h\u1ecdc \u1edf 100\u00b0C<\/td>\n<td width=\"96\">ASTM D445<\/td>\n<td width=\"76\">mm\u00b2\/s<\/td>\n<td>14.3<\/td>\n<\/tr>\n<tr>\n<td width=\"263\">\u0110\u1ed9 nh\u1edbt kh\u1edfi \u0111\u1ed9ng l\u1ea1nh @ -20\u00b0C (15W)<\/td>\n<td width=\"96\">ASTM D5293<\/td>\n<td width=\"76\">mPa.s (cP)<\/td>\n<td>5600<\/td>\n<\/tr>\n<tr>\n<td width=\"263\">\u0110\u1ed9 nh\u1edbt \u0111\u1ed9ng h\u1ecdc \u1edf 40\u00b0C<\/td>\n<td width=\"96\">ASTM D445<\/td>\n<td width=\"76\">mm\u00b2\/s<\/td>\n<td>109<\/td>\n<\/tr>\n<tr>\n<td width=\"263\">Ch\u1ec9 s\u1ed1 \u0111\u1ed9 nh\u1edbt<\/td>\n<td width=\"96\">ASTM D2270<\/td>\n<td width=\"76\">\u2013<\/td>\n<td>134<\/td>\n<\/tr>\n<tr>\n<td width=\"263\">Tro sun-ph\u00e1t<\/td>\n<td width=\"96\">ASTM D874<\/td>\n<td width=\"76\">% kl<\/td>\n<td>1.1<\/td>\n<\/tr>\n<tr>\n<td width=\"263\">\u0110\u1ed9 ki\u1ec1m t\u1ed5ng<\/td>\n<td width=\"96\">ASTM D2896<\/td>\n<td width=\"76\">mg KOH\/g<\/td>\n<td>8.1<\/td>\n<\/tr>\n<tr>\n<td width=\"263\">\u0110i\u1ec3m r\u00f3t ch\u1ea3y<\/td>\n<td width=\"96\">ASTM D97<\/td>\n<td width=\"76\">\u00b0C<\/td>\n<td>-45<\/td>\n<\/tr>\n<tr>\n<td width=\"263\">\u0110i\u1ec3m ch\u1edbp ch\u00e1y c\u1ed1c k\u00edn<\/td>\n<td width=\"96\">ASTM D93<\/td>\n<td width=\"76\">\u00b0C<\/td>\n<td>210<\/td>\n<\/tr>\n<\/tbody>\n<\/table>\n<\/li>\n<\/ul>\n","protected":false},"excerpt":{"rendered":"<p>Castrol CRB Turbomax 15W40 CI-4\u00a0l\u00e0 d\u1ea7u \u0111\u1ed9ng c\u01a1 diesel h\u1ea1ng n\u1eb7ng cao c\u1ea5p, th\u00edch h\u1ee3p v\u1edbi c\u00e1c \u0111\u1ed9ng c\u01a1 tr\u00ean xe t\u1ea3i, xe kh\u00e1ch, thi\u1ebft b\u1ecb thi c\u00f4ng c\u01a1 gi\u1edbi, m\u00e1y n\u00f4ng nghi\u1ec7p, t\u00e0u thuy\u1ec1n\u2026 s\u1eed d\u1ee5ng d\u1ea3i r\u1ed9ng nhi\u00ean li\u1ec7u diesel c\u00f3 ch\u1ea5t l\u01b0\u1ee3ng kh\u00e1c nhau. Castrol CRB gi\u00fap b\u1ea3o v\u1ec7 \u0111\u1ed9ng c\u01a1 t\u1ed1i<\/p>\n","protected":false},"featured_media":462,"comment_status":"open","ping_status":"closed","template":"","meta":[],"product_cat":[68,55],"product_tag":[],"class_list":{"0":"post-557","1":"product","2":"type-product","3":"status-publish","4":"has-post-thumbnail","6":"product_cat-dau-dong-co-xe-thuong-mai-thiet-bi-co-gioi","7":"product_cat-xe-thuong-mai-thiet-bi-co-gioi","9":"first","10":"instock","11":"shipping-taxable","12":"product-type-simple"},"_links":{"self":[{"href":"https:\/\/daunhottrongkhoi.com\/index.php?rest_route=\/wp\/v2\/product\/557","targetHints":{"allow":["GET"]}}],"collection":[{"href":"https:\/\/daunhottrongkhoi.com\/index.php?rest_route=\/wp\/v2\/product"}],"about":[{"href":"https:\/\/daunhottrongkhoi.com\/index.php?rest_route=\/wp\/v2\/types\/product"}],"replies":[{"embeddable":true,"href":"https:\/\/daunhottrongkhoi.com\/index.php?rest_route=%2Fwp%2Fv2%2Fcomments&post=557"}],"wp:featuredmedia":[{"embeddable":true,"href":"https:\/\/daunhottrongkhoi.com\/index.php?rest_route=\/wp\/v2\/media\/462"}],"wp:attachment":[{"href":"https:\/\/daunhottrongkhoi.com\/index.php?rest_route=%2Fwp%2Fv2%2Fmedia&parent=557"}],"wp:term":[{"taxonomy":"product_cat","embeddable":true,"href":"https:\/\/daunhottrongkhoi.com\/index.php?rest_route=%2Fwp%2Fv2%2Fproduct_cat&post=557"},{"taxonomy":"product_tag","embeddable":true,"href":"https:\/\/daunhottrongkhoi.com\/index.php?rest_route=%2Fwp%2Fv2%2Fproduct_tag&post=557"}],"curies":[{"name":"wp","href":"https:\/\/api.w.org\/{rel}","templated":true}]}}