{"id":556,"date":"2026-04-12T08:03:55","date_gmt":"2026-04-12T08:03:55","guid":{"rendered":"https:\/\/daunhottrongkhoi.com\/?post_type=product&#038;p=556"},"modified":"2026-04-12T09:00:13","modified_gmt":"2026-04-12T09:00:13","slug":"castrol-crb-turbomax-20w50-ci-4","status":"publish","type":"product","link":"https:\/\/daunhottrongkhoi.com\/?product=castrol-crb-turbomax-20w50-ci-4","title":{"rendered":"CASTROL VECTON 15W-40 CK-4\/E9"},"content":{"rendered":"<p><strong>Castrol VECTON\u00ae 15W-40 CK-4\/E9<\/strong> la\u0300 d\u00e2\u0300u \u0111\u1ecd\u0302ng co\u031b diesel ha\u0323ng n\u1ea1\u0306ng cao c\u00e2\u0301p \u0111u\u031b\u01a1\u0323c \u0111\u1ea1\u0306c ch\u00ea\u0301 nh\u0103\u0300m ke\u0301o da\u0300i th\u01a1\u0300i gian thay d\u00e2\u0300u nh\u01a1\u0301t. Sa\u0309n ph\u00e2\u0309m na\u0300y phu\u0300 h\u01a1\u0323p v\u01a1\u0301i ca\u0301c loa\u0323i \u0111\u1ecd\u0302ng co\u031b diesel 4 k\u1ef3 cao t\u00f4\u0301c s\u01b0\u0309 du\u0323ng nhie\u0302n li\u1eb9\u0302u diesel co\u0301 ha\u0300m lu\u031b\u01a1\u0323ng lu\u031bu huy\u0300nh \u0111\u00ea\u0301n 500ppm (0.05%), va\u0300 tu\u031bo\u031bng thi\u0301ch v\u01a1\u0301i ca\u0301c loa\u0323i \u0111\u1ecd\u0302ng co\u031b diesel co\u0301 g\u0103\u0301n b\u1ecd\u0302 h\u00f4\u0300i lu\u031bu khi\u0301 xa\u0309 (EGR). S\u1ea3n ph\u1ea9m n\u00e0y c\u0169ng t\u01b0\u01a1ng th\u00edch v\u1edbi c\u00e1c h\u1ec7 th\u1ed1ng x\u1eed l\u00fd kh\u00ed th\u1ea3i hi\u1ec7n \u0111\u1ea1i nh\u1ea5t nh\u01b0 DPF, DOC v\u00e0\/ho\u1eb7c SCR khi s\u1eed d\u1ee5ng nhi\u00ean li\u1ec7u diesel c\u00f3 h\u00e0m l\u01b0\u1ee3ng l\u01b0u hu\u1ef3nh t\u1ed1i \u0111a 15ppm (0.0015%).<\/p>\n<p><strong>Castrol VECTON\u00ae 15W-40 CK-4\/E9 <\/strong>v\u1edbi c\u00f4ng ngh\u1ec7 System Pro<sup>TM<\/sup>\u00a0gi\u00fap t\u0103ng 45% hi\u1ec7u n\u0103ng l\u00e0m vi\u1ec7c d\u1ea7u \u0111\u1ed9ng c\u01a1. Trong vi\u1ec7c ch\u1ed1ng l\u1ea1i s\u1ef1 ph\u00e1 h\u1ee7y d\u1ea7u nh\u1edbt, ng\u0103n ng\u1eeba t\u00ecnh tr\u1ea1ng h\u1ecfng h\u00f3c c\u1ee7a d\u1ea7u. Th\u00f4ng qua ki\u1ec3m so\u00e1t oxi h\u00f3a &amp; qu\u00e1 tr\u00ecnh h\u00ecnh th\u00e0nh c\u1eb7n, \u0111\u1ed3ng th\u1eddi gi\u00fap trung h\u00f2a c\u00e1c axit c\u00f3 h\u1ea1i. D\u1ea7u c\u00f2n c\u00f3 t\u00ednh n\u0103ng th\u00edch \u1ee9ng v\u1edbi nhi\u1ec7t \u0111\u1ed9 cao gi\u00fap duy tr\u00ec \u0111\u1ed9 nh\u1edbt. Nh\u1edd \u0111\u00f3, Castrol Vecton gi\u00fap b\u1ea1n k\u00e9o d\u00e0i tu\u1ed5i th\u1ecd c\u1ee7a d\u1ea7u &amp; t\u1ed1i \u0111a h\u00f3a th\u1eddi gian thay d\u1ea7u.<\/p>\n<ul>\n<li>\n<h4>Ti\u00eau chu\u1ea9n k\u1ef9 thu\u1eadt<\/h4>\n<ul>\n<li>\n<ul>\n<li>SAE 15W-40<\/li>\n<li>API CK-4<\/li>\n<\/ul>\n<ul>\n<li>ACEA E9<\/li>\n<\/ul>\n<ul>\n<li>JASO DH-2<\/li>\n<\/ul>\n<ul>\n<li>CAT ECF-3<\/li>\n<\/ul>\n<ul>\n<li>Cummins CES 20086<\/li>\n<\/ul>\n<ul>\n<li>DDC DFS 93K222<\/li>\n<\/ul>\n<ul>\n<li>Deutz DQC III-10LA<\/li>\n<\/ul>\n<ul>\n<li>Mack EOS-4.5<\/li>\n<\/ul>\n<ul>\n<li>MB-Approval 228.31<\/li>\n<\/ul>\n<ul>\n<li>MTU Oil Category 2.1<\/li>\n<\/ul>\n<ul>\n<li>RVI RLD-4<\/li>\n<\/ul>\n<ul>\n<li>Volvo VDS-4.5<\/li>\n<\/ul>\n<\/li>\n<\/ul>\n<\/li>\n<li>\n<h2 id=\"ftoc-heading-4\" class=\"ftwp-heading\"><span style=\"font-size: 100%;\">C\u00e1c \u0110\u1eb7t T\u00ednh Ti\u00eau Bi\u1ec3u D\u1ea7u \u0110\u1ed9ng C\u01a1 CASTROL VECTON 15W-40 CK-4\/E9<\/span><\/h2>\n<\/li>\n<li>\n<table class=\"has-black-color has-text-color has-background has-border-color\">\n<thead>\n<tr>\n<th class=\"has-text-align-left\" data-align=\"left\">T\u00ednh Ch\u1ea5t<\/th>\n<th class=\"has-text-align-left\" data-align=\"left\">Ph\u01b0\u01a1ng Ph\u00e1p<\/th>\n<th class=\"has-text-align-center\" data-align=\"center\"><strong>CK<\/strong>-4 \/ E9<\/th>\n<\/tr>\n<\/thead>\n<tbody>\n<tr>\n<td class=\"has-text-align-left\" data-align=\"left\">Kh\u1ed1i l\u01b0\u1ee3ng ri\u00eang \u1edf 15<sup>o<\/sup>C, g\/ml<\/td>\n<td class=\"has-text-align-left\" data-align=\"left\">ASTM D4052<\/td>\n<td class=\"has-text-align-center\" data-align=\"center\">0.875<\/td>\n<\/tr>\n<tr>\n<td class=\"has-text-align-left\" data-align=\"left\">\u0110\u1ed9 nh\u1edbt \u0111\u1ed9ng h\u1ecdc \u1edf 100<sup>o<\/sup>C, mm<sup>2<\/sup>\/s<\/td>\n<td class=\"has-text-align-left\" data-align=\"left\">ASTM D445<\/td>\n<td class=\"has-text-align-center\" data-align=\"center\">15.1<\/td>\n<\/tr>\n<tr>\n<td class=\"has-text-align-left\" data-align=\"left\">\u0110\u1ed9 nh\u1edbt \u0111\u1ed9ng h\u1ecdc \u1edf 40<sup>o<\/sup>C, mm<sup>2<\/sup>\/s<\/td>\n<td class=\"has-text-align-left\" data-align=\"left\">ASTM D445<\/td>\n<td class=\"has-text-align-center\" data-align=\"center\">114<\/td>\n<\/tr>\n<tr>\n<td class=\"has-text-align-left\" data-align=\"left\">Ch\u1ec9 s\u1ed1 \u0111\u1ed9 nh\u1edbt<\/td>\n<td class=\"has-text-align-left\" data-align=\"left\">ASTM D2270<\/td>\n<td class=\"has-text-align-center\" data-align=\"center\">138<\/td>\n<\/tr>\n<tr>\n<td class=\"has-text-align-left\" data-align=\"left\">\u0110\u1ed9 nh\u1edbt kh\u1edfi \u0111\u1ed9ng l\u1ea1nh -20<sup>o<\/sup>C, mPas<\/td>\n<td class=\"has-text-align-left\" data-align=\"left\">ASTM D5293<\/td>\n<td class=\"has-text-align-center\" data-align=\"center\">6500<\/td>\n<\/tr>\n<tr>\n<td class=\"has-text-align-left\" data-align=\"left\">Tro Sunphat \/ %kl<\/td>\n<td class=\"has-text-align-left\" data-align=\"left\">ASTM D874<\/td>\n<td class=\"has-text-align-center\" data-align=\"center\">1.0<\/td>\n<\/tr>\n<tr>\n<td class=\"has-text-align-left\" data-align=\"left\">\u0110\u1ed9 ki\u1ec1m t\u1ed5ng \/ TBN, mgKOH\/g<\/td>\n<td class=\"has-text-align-left\" data-align=\"left\">ASTM D2896<\/td>\n<td class=\"has-text-align-center\" data-align=\"center\">9.8<\/td>\n<\/tr>\n<tr>\n<td class=\"has-text-align-left\" data-align=\"left\">\u0110i\u1ec3m r\u00f3t ch\u1ea3y \/\u00a0<sup>o<\/sup>C<\/td>\n<td class=\"has-text-align-left\" data-align=\"left\">ASTM D97<\/td>\n<td class=\"has-text-align-center\" data-align=\"center\">-42<\/td>\n<\/tr>\n<tr>\n<td class=\"has-text-align-left\" data-align=\"left\">\u0110i\u1ec3m ch\u1edbp ch\u00e1y c\u1ed1c k\u00edn \/\u00a0<sup>o<\/sup>C<\/td>\n<td class=\"has-text-align-left\" data-align=\"left\">ASTM D93<\/td>\n<td class=\"has-text-align-center\" data-align=\"center\">200<\/td>\n<\/tr>\n<\/tbody>\n<\/table>\n<\/li>\n<\/ul>\n","protected":false},"excerpt":{"rendered":"<p>Castrol VECTON\u00ae 15W-40 CK-4\/E9 la\u0300 d\u00e2\u0300u \u0111\u1ecd\u0302ng co\u031b diesel ha\u0323ng n\u1ea1\u0306ng cao c\u00e2\u0301p \u0111u\u031b\u01a1\u0323c \u0111\u1ea1\u0306c ch\u00ea\u0301 nh\u0103\u0300m ke\u0301o da\u0300i th\u01a1\u0300i gian thay d\u00e2\u0300u nh\u01a1\u0301t. Sa\u0309n ph\u00e2\u0309m na\u0300y phu\u0300 h\u01a1\u0323p v\u01a1\u0301i ca\u0301c loa\u0323i \u0111\u1ecd\u0302ng co\u031b diesel 4 k\u1ef3 cao t\u00f4\u0301c s\u01b0\u0309 du\u0323ng nhie\u0302n li\u1eb9\u0302u diesel co\u0301 ha\u0300m lu\u031b\u01a1\u0323ng lu\u031bu huy\u0300nh \u0111\u00ea\u0301n 500ppm (0.05%), va\u0300 tu\u031bo\u031bng thi\u0301ch<\/p>\n","protected":false},"featured_media":462,"comment_status":"open","ping_status":"closed","template":"","meta":[],"product_cat":[68,55],"product_tag":[],"class_list":{"0":"post-556","1":"product","2":"type-product","3":"status-publish","4":"has-post-thumbnail","6":"product_cat-dau-dong-co-xe-thuong-mai-thiet-bi-co-gioi","7":"product_cat-xe-thuong-mai-thiet-bi-co-gioi","9":"first","10":"instock","11":"featured","12":"shipping-taxable","13":"product-type-simple"},"_links":{"self":[{"href":"https:\/\/daunhottrongkhoi.com\/index.php?rest_route=\/wp\/v2\/product\/556","targetHints":{"allow":["GET"]}}],"collection":[{"href":"https:\/\/daunhottrongkhoi.com\/index.php?rest_route=\/wp\/v2\/product"}],"about":[{"href":"https:\/\/daunhottrongkhoi.com\/index.php?rest_route=\/wp\/v2\/types\/product"}],"replies":[{"embeddable":true,"href":"https:\/\/daunhottrongkhoi.com\/index.php?rest_route=%2Fwp%2Fv2%2Fcomments&post=556"}],"wp:featuredmedia":[{"embeddable":true,"href":"https:\/\/daunhottrongkhoi.com\/index.php?rest_route=\/wp\/v2\/media\/462"}],"wp:attachment":[{"href":"https:\/\/daunhottrongkhoi.com\/index.php?rest_route=%2Fwp%2Fv2%2Fmedia&parent=556"}],"wp:term":[{"taxonomy":"product_cat","embeddable":true,"href":"https:\/\/daunhottrongkhoi.com\/index.php?rest_route=%2Fwp%2Fv2%2Fproduct_cat&post=556"},{"taxonomy":"product_tag","embeddable":true,"href":"https:\/\/daunhottrongkhoi.com\/index.php?rest_route=%2Fwp%2Fv2%2Fproduct_tag&post=556"}],"curies":[{"name":"wp","href":"https:\/\/api.w.org\/{rel}","templated":true}]}}